{"id":236,"date":"2015-06-05T06:24:35","date_gmt":"2015-06-05T06:24:35","guid":{"rendered":"http:\/\/romano-gmbh.de\/?page_id=236"},"modified":"2018-03-30T08:38:30","modified_gmt":"2018-03-30T08:38:30","slug":"k-faktor","status":"publish","type":"page","link":"http:\/\/romano-gmbh.de\/?page_id=236","title":{"rendered":"K-Faktor"},"content":{"rendered":"<p>Bei verrundeten Schneidkanten gibt der K-Faktor die Symmetrie an.<\/p>\n<p>Die Berechnung des K-Faktors wird mit Hilfe der Ausgleichsgeraden durchgef\u00fchrt.<br \/>\nDabei wird f\u00fcr jede Ausgleichsgerade der Punkt berechnet, ab dem sich die Verrundung der Messung von der Ausgleichsgerade abl\u00f6st. Die Toleranz (Tangententoleranz) f\u00fcr die Entfernung, ab wo sich die Verrundung abgel\u00f6st hat, ist im Messprogramm f\u00fcr jede Ausgleichsgerade frei einstellbar.) Zus\u00e4tzlich wird f\u00fcr die Ausgleichsgeraden der gemeinsame Schnittpunkt berechnet.<br \/>\nDas Ergebnis der Division der Entfernung zwischen dem linken Abl\u00f6sepunkt zum Schnittpunkt und der Entfernung des rechten Abl\u00f6sepunktes zum Schnittpunkt,<br \/>\nist der K-Faktor.<\/p>\n<p>Zus\u00e4tzlich zum K-Faktor gibt es eine Angabe zur Entfernung zwischen der nicht mehr vorhandenen Spitze der Schneide (Schnittpunkt der Ausgleichsgeraden) und dem h\u00f6chsten Punkt der gemessenen Schneide. Dieser Wert gibt an, wie scharfkantig die Schneidkante ist. Ist die Entfernung gro\u00df, gleicht die Form einer Fase, ist sie dagegen gering, ist die Verrundung kleiner.<\/p>\n<p><a href=\"http:\/\/romano-gmbh.de\/wp-content\/uploads\/2015\/06\/K-Faktor-Schema 1.jpg\"><img loading=\"lazy\" class=\"alignnone wp-image-278 size-full\" src=\"http:\/\/romano-gmbh.de\/wp-content\/uploads\/2015\/06\/K-Faktor-Schema.jpg\" alt=\"K-Faktor Schema Beschreibung\" width=\"654\" height=\"436\" \/><\/a><\/p>\n<h3>\u00a0Messungen mit dem Messprogramm:<\/h3>\n<p>1. Trompetenform:<\/p>\n<ul>\n<li>K-Faktor 1,4<\/li>\n<li>Die Tangententoleranz (Abl\u00f6sepunkt) betr\u00e4gt f\u00fcr beide Seiten 1,5\u00b5m<\/li>\n<\/ul>\n<div id='gallery-1' class='gallery galleryid-236 gallery-columns-3 gallery-size-thumbnail'><dl class='gallery-item'>\n\t\t\t<dt class='gallery-icon landscape'>\n\t\t\t\t<a href='http:\/\/romano-gmbh.de\/wp-content\/uploads\/2015\/06\/K-Faktor-1.jpg'><img width=\"150\" height=\"150\" src=\"http:\/\/romano-gmbh.de\/wp-content\/uploads\/2015\/06\/K-Faktor-1-150x150.jpg\" class=\"attachment-thumbnail size-thumbnail\" alt=\"\" loading=\"lazy\" aria-describedby=\"gallery-1-247\" \/><\/a>\n\t\t\t<\/dt>\n\t\t\t\t<dd class='wp-caption-text gallery-caption' id='gallery-1-247'>\n\t\t\t\tWendeschneidplatte\n\t\t\t\t<\/dd><\/dl><dl class='gallery-item'>\n\t\t\t<dt class='gallery-icon landscape'>\n\t\t\t\t<a href='http:\/\/romano-gmbh.de\/wp-content\/uploads\/2015\/06\/K-Faktor-1-seitlich-mit-Markierung.jpg'><img width=\"150\" height=\"150\" src=\"http:\/\/romano-gmbh.de\/wp-content\/uploads\/2015\/06\/K-Faktor-1-seitlich-mit-Markierung-150x150.jpg\" class=\"attachment-thumbnail size-thumbnail\" alt=\"\" loading=\"lazy\" aria-describedby=\"gallery-1-248\" \/><\/a>\n\t\t\t<\/dt>\n\t\t\t\t<dd class='wp-caption-text gallery-caption' id='gallery-1-248'>\n\t\t\t\tWendeschneidplatte mit Markierung der gemessenen Stelle\n\t\t\t\t<\/dd><\/dl><dl class='gallery-item'>\n\t\t\t<dt class='gallery-icon landscape'>\n\t\t\t\t<a href='http:\/\/romano-gmbh.de\/wp-content\/uploads\/2015\/06\/K-Faktor-1-Messung.jpg'><img width=\"150\" height=\"150\" src=\"http:\/\/romano-gmbh.de\/wp-content\/uploads\/2015\/06\/K-Faktor-1-Messung-150x150.jpg\" class=\"attachment-thumbnail size-thumbnail\" alt=\"\" loading=\"lazy\" aria-describedby=\"gallery-1-246\" \/><\/a>\n\t\t\t<\/dt>\n\t\t\t\t<dd class='wp-caption-text gallery-caption' id='gallery-1-246'>\n\t\t\t\tK-Faktor Messung Trompete\n\t\t\t\t<\/dd><\/dl><br style=\"clear: both\" \/>\n\t\t<\/div>\n\n<p>2. Wasserfallform:<\/p>\n<ul>\n<li>K-Faktor 0,7<\/li>\n<li>Die Tangententoleranz (Abl\u00f6sepunkt) betr\u00e4gt f\u00fcr beide Seiten 1,5\u00b5m<\/li>\n<\/ul>\n<div id='gallery-2' class='gallery galleryid-236 gallery-columns-3 gallery-size-thumbnail'><dl class='gallery-item'>\n\t\t\t<dt class='gallery-icon landscape'>\n\t\t\t\t<a href='http:\/\/romano-gmbh.de\/wp-content\/uploads\/2015\/06\/K-Faktor-2.jpg'><img width=\"150\" height=\"150\" src=\"http:\/\/romano-gmbh.de\/wp-content\/uploads\/2015\/06\/K-Faktor-2-150x150.jpg\" class=\"attachment-thumbnail size-thumbnail\" alt=\"\" loading=\"lazy\" aria-describedby=\"gallery-2-251\" \/><\/a>\n\t\t\t<\/dt>\n\t\t\t\t<dd class='wp-caption-text gallery-caption' id='gallery-2-251'>\n\t\t\t\tSchneidplatte\n\t\t\t\t<\/dd><\/dl><dl class='gallery-item'>\n\t\t\t<dt class='gallery-icon landscape'>\n\t\t\t\t<a href='http:\/\/romano-gmbh.de\/wp-content\/uploads\/2015\/06\/K-Faktor-2-seitlich-mit-Markierung.jpg'><img width=\"150\" height=\"150\" src=\"http:\/\/romano-gmbh.de\/wp-content\/uploads\/2015\/06\/K-Faktor-2-seitlich-mit-Markierung-150x150.jpg\" class=\"attachment-thumbnail size-thumbnail\" alt=\"\" loading=\"lazy\" aria-describedby=\"gallery-2-252\" \/><\/a>\n\t\t\t<\/dt>\n\t\t\t\t<dd class='wp-caption-text gallery-caption' id='gallery-2-252'>\n\t\t\t\tSchneidplatte mit Markierung der gemessenen Stelle\n\t\t\t\t<\/dd><\/dl><dl class='gallery-item'>\n\t\t\t<dt class='gallery-icon landscape'>\n\t\t\t\t<a href='http:\/\/romano-gmbh.de\/wp-content\/uploads\/2015\/06\/K-Faktor-2-Messung.jpg'><img width=\"150\" height=\"150\" src=\"http:\/\/romano-gmbh.de\/wp-content\/uploads\/2015\/06\/K-Faktor-2-Messung-150x150.jpg\" class=\"attachment-thumbnail size-thumbnail\" alt=\"\" loading=\"lazy\" aria-describedby=\"gallery-2-253\" \/><\/a>\n\t\t\t<\/dt>\n\t\t\t\t<dd class='wp-caption-text gallery-caption' id='gallery-2-253'>\n\t\t\t\tK-Faktor Messung Wasserfall\n\t\t\t\t<\/dd><\/dl><br style=\"clear: both\" \/>\n\t\t<\/div>\n\n<p>3. Radius<\/p>\n<ul>\n<li>K-Faktor 1,1<\/li>\n<li>Die Tangententoleranz (Abl\u00f6sepunkt) betr\u00e4gt f\u00fcr beide Seiten 0,5\u00b5m<\/li>\n<\/ul>\n<div id='gallery-3' class='gallery galleryid-236 gallery-columns-3 gallery-size-thumbnail'><dl class='gallery-item'>\n\t\t\t<dt class='gallery-icon portrait'>\n\t\t\t\t<a href='http:\/\/romano-gmbh.de\/wp-content\/uploads\/2015\/06\/Radius-1.jpg'><img width=\"150\" height=\"150\" src=\"http:\/\/romano-gmbh.de\/wp-content\/uploads\/2015\/06\/Radius-1-150x150.jpg\" class=\"attachment-thumbnail size-thumbnail\" alt=\"\" loading=\"lazy\" \/><\/a>\n\t\t\t<\/dt><\/dl><dl class='gallery-item'>\n\t\t\t<dt class='gallery-icon landscape'>\n\t\t\t\t<a href='http:\/\/romano-gmbh.de\/wp-content\/uploads\/2015\/06\/Radius-1-seitlich-mit-Markierung.jpg'><img width=\"150\" height=\"150\" src=\"http:\/\/romano-gmbh.de\/wp-content\/uploads\/2015\/06\/Radius-1-seitlich-mit-Markierung-150x150.jpg\" class=\"attachment-thumbnail size-thumbnail\" alt=\"\" loading=\"lazy\" \/><\/a>\n\t\t\t<\/dt><\/dl><dl class='gallery-item'>\n\t\t\t<dt class='gallery-icon landscape'>\n\t\t\t\t<a href='http:\/\/romano-gmbh.de\/wp-content\/uploads\/2015\/06\/K-Faktor-3-Messung.jpg'><img width=\"150\" height=\"150\" src=\"http:\/\/romano-gmbh.de\/wp-content\/uploads\/2015\/06\/K-Faktor-3-Messung-150x150.jpg\" class=\"attachment-thumbnail size-thumbnail\" alt=\"\" loading=\"lazy\" aria-describedby=\"gallery-3-261\" \/><\/a>\n\t\t\t<\/dt>\n\t\t\t\t<dd class='wp-caption-text gallery-caption' id='gallery-3-261'>\n\t\t\t\tK-Faktormessung Radius\n\t\t\t\t<\/dd><\/dl><br style=\"clear: both\" \/>\n\t\t<\/div>\n\n","protected":false},"excerpt":{"rendered":"<p>Bei verrundeten Schneidkanten gibt der K-Faktor die Symmetrie an. Die Berechnung des K-Faktors wird mit Hilfe der Ausgleichsgeraden durchgef\u00fchrt. Dabei wird f\u00fcr jede Ausgleichsgerade der Punkt berechnet, ab dem sich die Verrundung der Messung von der Ausgleichsgerade abl\u00f6st. Die Toleranz &hellip; <a href=\"http:\/\/romano-gmbh.de\/?page_id=236\">Weiterlesen <span class=\"meta-nav\">&rarr;<\/span><\/a><\/p>\n","protected":false},"author":2,"featured_media":0,"parent":39,"menu_order":4,"comment_status":"closed","ping_status":"closed","template":"","meta":[],"_links":{"self":[{"href":"http:\/\/romano-gmbh.de\/index.php?rest_route=\/wp\/v2\/pages\/236"}],"collection":[{"href":"http:\/\/romano-gmbh.de\/index.php?rest_route=\/wp\/v2\/pages"}],"about":[{"href":"http:\/\/romano-gmbh.de\/index.php?rest_route=\/wp\/v2\/types\/page"}],"author":[{"embeddable":true,"href":"http:\/\/romano-gmbh.de\/index.php?rest_route=\/wp\/v2\/users\/2"}],"replies":[{"embeddable":true,"href":"http:\/\/romano-gmbh.de\/index.php?rest_route=%2Fwp%2Fv2%2Fcomments&post=236"}],"version-history":[{"count":18,"href":"http:\/\/romano-gmbh.de\/index.php?rest_route=\/wp\/v2\/pages\/236\/revisions"}],"predecessor-version":[{"id":477,"href":"http:\/\/romano-gmbh.de\/index.php?rest_route=\/wp\/v2\/pages\/236\/revisions\/477"}],"up":[{"embeddable":true,"href":"http:\/\/romano-gmbh.de\/index.php?rest_route=\/wp\/v2\/pages\/39"}],"wp:attachment":[{"href":"http:\/\/romano-gmbh.de\/index.php?rest_route=%2Fwp%2Fv2%2Fmedia&parent=236"}],"curies":[{"name":"wp","href":"https:\/\/api.w.org\/{rel}","templated":true}]}}