{"id":442,"date":"2015-06-29T06:23:23","date_gmt":"2015-06-29T06:23:23","guid":{"rendered":"http:\/\/romano-gmbh.de\/?page_id=442"},"modified":"2015-07-07T07:28:12","modified_gmt":"2015-07-07T07:28:12","slug":"schartigkeit","status":"publish","type":"page","link":"http:\/\/romano-gmbh.de\/?page_id=442","title":{"rendered":"Schartigkeit"},"content":{"rendered":"<p>Schartigkeitspr\u00fcfungen sind mit dem Pr\u00fcfger\u00e4t &#8222;ERME&#8220; ohne grossen Aufwand<br \/>\nm\u00f6glich. Es gibt 2 M\u00f6glichkeiten diese Pr\u00fcfung durchzuf\u00fchren.<br \/>\nDie erste M\u00f6glichkeit besteht darin, dass das Prisma nur um 90\u00b0 gedreht wird.<br \/>\nDas Einlegen der Wendeplatte entspricht der Standard-Pr\u00fcfung Kantenver-<br \/>\nrundung. Auch der Standard-Taster mit dem Diamantspitze wird verwendet.<br \/>\nDie Schneidkante kann jetzt bis zu einer L\u00e4nge von Maximal 12 mm gepr\u00fcft werden,<br \/>\nvorausgesetzt ist die Verwendung einer geraden Platte.<br \/>\nDie zweite M\u00f6glichkeit wird erforderlich, wenn zum Beispiel eine Schneidplatte mit<br \/>\neiner kleinen Kantenverrundung im Radiusbereich auf Schartigkeit gepr\u00fcft werden<br \/>\nsoll. Hierf\u00fcr muss der Standard-Taster durch einen Taster mit einer Schneide<br \/>\nausgetauscht werden.<\/p>\n<p>1. Schartigkeitsmessung: Verrundung ca. 51 \u00b5m<br \/>\nDie Schartigkeit wurde \u00fcber eine L\u00e4nge von 5 mm gepr\u00fcft und die Parameter<br \/>\nRz=0,6 \u00b5m und R-Max=0,7 wurden mit der Messart &#8222;Rauheit&#8220; errechnet.<br \/>\nDie Verrundung der Kanten im Abtastbereich war gleichm\u00e4ssig mit idealem<br \/>\nVerrundungsradius.<\/p>\n<div id='gallery-1' class='gallery galleryid-442 gallery-columns-3 gallery-size-thumbnail'><dl class='gallery-item'>\n\t\t\t<dt class='gallery-icon landscape'>\n\t\t\t\t<a href='http:\/\/romano-gmbh.de\/wp-content\/uploads\/2015\/06\/Radius-2.jpg'><img width=\"150\" height=\"150\" src=\"http:\/\/romano-gmbh.de\/wp-content\/uploads\/2015\/06\/Radius-2-150x150.jpg\" class=\"attachment-thumbnail size-thumbnail\" alt=\"\" loading=\"lazy\" \/><\/a>\n\t\t\t<\/dt><\/dl><dl class='gallery-item'>\n\t\t\t<dt class='gallery-icon landscape'>\n\t\t\t\t<a href='http:\/\/romano-gmbh.de\/wp-content\/uploads\/2015\/07\/Schartigkeit-1-Messen.jpg'><img width=\"150\" height=\"150\" src=\"http:\/\/romano-gmbh.de\/wp-content\/uploads\/2015\/07\/Schartigkeit-1-Messen-150x150.jpg\" class=\"attachment-thumbnail size-thumbnail\" alt=\"\" loading=\"lazy\" \/><\/a>\n\t\t\t<\/dt><\/dl><dl class='gallery-item'>\n\t\t\t<dt class='gallery-icon landscape'>\n\t\t\t\t<a href='http:\/\/romano-gmbh.de\/wp-content\/uploads\/2015\/07\/Schartigkeit-1-Messung.jpg'><img width=\"150\" height=\"150\" src=\"http:\/\/romano-gmbh.de\/wp-content\/uploads\/2015\/07\/Schartigkeit-1-Messung-150x150.jpg\" class=\"attachment-thumbnail size-thumbnail\" alt=\"\" loading=\"lazy\" \/><\/a>\n\t\t\t<\/dt><\/dl><br style=\"clear: both\" \/>\n\t\t<\/div>\n\n<p>2. Schartigkeitsmessung: Verrundung ca. 14 \u00b5m<br \/>\nDie Schartigkeit wurde \u00fcber eine L\u00e4nge von 2,5 mm gepr\u00fcft.<br \/>\nRz=4,5 \u00b5m und R-Max=7,2 \u00a0wurden mit der Messart &#8222;Rauheit&#8220; errechnet.<br \/>\nDie Verrundung der Kanten im Abtastbereich war ungleichm\u00e4ssig. An einigen<br \/>\nStellen im Tastbereich waren keine Radien zu erkennen. Hier war klar zu erkennen<br \/>\ndass Ausbr\u00fcche schon vorher vorhanden waren, welche ein wenig verrundet worden<br \/>\nsind.<\/p>\n<div id='gallery-2' class='gallery galleryid-442 gallery-columns-3 gallery-size-thumbnail'><dl class='gallery-item'>\n\t\t\t<dt class='gallery-icon landscape'>\n\t\t\t\t<a href='http:\/\/romano-gmbh.de\/wp-content\/uploads\/2015\/07\/Schartigkeit-2.jpg'><img width=\"150\" height=\"150\" src=\"http:\/\/romano-gmbh.de\/wp-content\/uploads\/2015\/07\/Schartigkeit-2-150x150.jpg\" class=\"attachment-thumbnail size-thumbnail\" alt=\"\" loading=\"lazy\" \/><\/a>\n\t\t\t<\/dt><\/dl><dl class='gallery-item'>\n\t\t\t<dt class='gallery-icon landscape'>\n\t\t\t\t<a href='http:\/\/romano-gmbh.de\/wp-content\/uploads\/2015\/07\/Schartigkeit-2-Messen.jpg'><img width=\"150\" height=\"150\" src=\"http:\/\/romano-gmbh.de\/wp-content\/uploads\/2015\/07\/Schartigkeit-2-Messen-150x150.jpg\" class=\"attachment-thumbnail size-thumbnail\" alt=\"\" loading=\"lazy\" \/><\/a>\n\t\t\t<\/dt><\/dl><dl class='gallery-item'>\n\t\t\t<dt class='gallery-icon landscape'>\n\t\t\t\t<a href='http:\/\/romano-gmbh.de\/wp-content\/uploads\/2015\/07\/Schartigkeit-2-Messung.jpg'><img width=\"150\" height=\"150\" src=\"http:\/\/romano-gmbh.de\/wp-content\/uploads\/2015\/07\/Schartigkeit-2-Messung-150x150.jpg\" class=\"attachment-thumbnail size-thumbnail\" alt=\"\" loading=\"lazy\" \/><\/a>\n\t\t\t<\/dt><\/dl><br style=\"clear: both\" \/>\n\t\t<\/div>\n\n","protected":false},"excerpt":{"rendered":"<p>Schartigkeitspr\u00fcfungen sind mit dem Pr\u00fcfger\u00e4t &#8222;ERME&#8220; ohne grossen Aufwand m\u00f6glich. Es gibt 2 M\u00f6glichkeiten diese Pr\u00fcfung durchzuf\u00fchren. Die erste M\u00f6glichkeit besteht darin, dass das Prisma nur um 90\u00b0 gedreht wird. Das Einlegen der Wendeplatte entspricht der Standard-Pr\u00fcfung Kantenver- rundung. Auch &hellip; <a href=\"http:\/\/romano-gmbh.de\/?page_id=442\">Weiterlesen <span class=\"meta-nav\">&rarr;<\/span><\/a><\/p>\n","protected":false},"author":2,"featured_media":0,"parent":39,"menu_order":9,"comment_status":"closed","ping_status":"closed","template":"","meta":[],"_links":{"self":[{"href":"http:\/\/romano-gmbh.de\/index.php?rest_route=\/wp\/v2\/pages\/442"}],"collection":[{"href":"http:\/\/romano-gmbh.de\/index.php?rest_route=\/wp\/v2\/pages"}],"about":[{"href":"http:\/\/romano-gmbh.de\/index.php?rest_route=\/wp\/v2\/types\/page"}],"author":[{"embeddable":true,"href":"http:\/\/romano-gmbh.de\/index.php?rest_route=\/wp\/v2\/users\/2"}],"replies":[{"embeddable":true,"href":"http:\/\/romano-gmbh.de\/index.php?rest_route=%2Fwp%2Fv2%2Fcomments&post=442"}],"version-history":[{"count":11,"href":"http:\/\/romano-gmbh.de\/index.php?rest_route=\/wp\/v2\/pages\/442\/revisions"}],"predecessor-version":[{"id":535,"href":"http:\/\/romano-gmbh.de\/index.php?rest_route=\/wp\/v2\/pages\/442\/revisions\/535"}],"up":[{"embeddable":true,"href":"http:\/\/romano-gmbh.de\/index.php?rest_route=\/wp\/v2\/pages\/39"}],"wp:attachment":[{"href":"http:\/\/romano-gmbh.de\/index.php?rest_route=%2Fwp%2Fv2%2Fmedia&parent=442"}],"curies":[{"name":"wp","href":"https:\/\/api.w.org\/{rel}","templated":true}]}}