{"id":6378,"date":"2018-05-24T14:18:40","date_gmt":"2018-05-24T12:18:40","guid":{"rendered":"http:\/\/romano-gmbh.de\/?page_id=6378"},"modified":"2020-01-29T12:26:32","modified_gmt":"2020-01-29T11:26:32","slug":"haptische-messung","status":"publish","type":"page","link":"http:\/\/romano-gmbh.de\/?page_id=6378","title":{"rendered":"Taktile Messung"},"content":{"rendered":"<p><strong>Taktile Messung<\/strong><\/p>\n<p>Die Messtaster haben eine Spitze aus Diamant. Dieser Diamant hat einen Radius von ca. 25\u00b5m und einem Spitzenwinkel von 45\u00b0. Die Auflagekraft zum Abtasten der zu pr\u00fcfenden<br \/>\nOberfl\u00e4che ist f\u00fcr uns nicht messbar.<br \/>\nDie Auflagekraft stellen wir mit Hilfe eines Winkels ein.<br \/>\nWir haben 10 Wendeschneidplatten f\u00fcr Testzwecke jeweils 10000 mal an exakt der gleichen Stelle gepr\u00fcft.<br \/>\nDanach war nicht die geringste Verschleisserscheinung zu erkennen.<br \/>\nAuch die Diamantspitze ist praktisch keinen Verschleiss unterlegen.<br \/>\nNach 100 000 Messungen war der Diamantspitzenradius unver\u00e4ndert.<\/p>\n<div id=\"attachment_6385\" style=\"width: 310px\" class=\"wp-caption alignnone\"><a href=\"http:\/\/romano-gmbh.de\/wp-content\/uploads\/2018\/05\/Messtaster.jpg\"><img aria-describedby=\"caption-attachment-6385\" loading=\"lazy\" class=\"size-medium wp-image-6385\" src=\"http:\/\/romano-gmbh.de\/wp-content\/uploads\/2018\/05\/Messtaster-300x83.jpg\" alt=\"\" width=\"300\" height=\"83\" srcset=\"http:\/\/romano-gmbh.de\/wp-content\/uploads\/2018\/05\/Messtaster-300x83.jpg 300w, http:\/\/romano-gmbh.de\/wp-content\/uploads\/2018\/05\/Messtaster-768x212.jpg 768w, http:\/\/romano-gmbh.de\/wp-content\/uploads\/2018\/05\/Messtaster-1024x283.jpg 1024w\" sizes=\"(max-width: 300px) 100vw, 300px\" \/><\/a><p id=\"caption-attachment-6385\" class=\"wp-caption-text\">Messtaster f\u00fcr das ERME-Ger\u00e4t<\/p><\/div>\n<p>Gegen\u00fcber von optischen Messungen besitzt die taktile Messung einige Vorteile :<br \/>\n1.\u00a0 Zweifelsfeie und verl\u00e4ssliche Pr\u00fcfungen an Wendeschneidplatten.<br \/>\n2.\u00a0 Geringer Zeitaufwand zum Einrichten und Pr\u00fcfen der Wendeschneidplatten.<br \/>\n3. Komplizierte Einstellarbeiten entfallen komplett nach Anwahl der zu pr\u00fcfenden<br \/>\nWendeschneidplatte.<br \/>\n4. Alle gew\u00fcnschten Pr\u00fcfergebnisse werden per Programm hinterlegt.<br \/>\n5. Es ist kein Fachpersonal erforderlich f\u00fcr verl\u00e4ssliche Pr\u00fcfungen. Die Unterweisung<br \/>\nf\u00fcr Pr\u00fcfungen ist auch f\u00fcr ungelerntes Personal in wenigen Minuten m\u00f6glich.<br \/>\n6. Alle Messwerte werden automatisch gespeichert. Langzeit-Archivierung ist Standard.<br \/>\n7. Das Pr\u00fcfger\u00e4t ist weitgehenst abgedichtet gegen Verschmutzung, so dass ein Einsatz<br \/>\nin der Produktion neben den Kantenverrundungs-Maschinen m\u00f6glich ist.<\/p>\n<div id=\"attachment_6431\" style=\"width: 310px\" class=\"wp-caption alignnone\"><a href=\"http:\/\/romano-gmbh.de\/wp-content\/uploads\/2018\/07\/Diamanttastspitze.jpg\"><img aria-describedby=\"caption-attachment-6431\" loading=\"lazy\" class=\"size-medium wp-image-6431\" src=\"http:\/\/romano-gmbh.de\/wp-content\/uploads\/2018\/07\/Diamanttastspitze-300x287.jpg\" alt=\"\" width=\"300\" height=\"287\" srcset=\"http:\/\/romano-gmbh.de\/wp-content\/uploads\/2018\/07\/Diamanttastspitze-300x287.jpg 300w, http:\/\/romano-gmbh.de\/wp-content\/uploads\/2018\/07\/Diamanttastspitze-768x736.jpg 768w, http:\/\/romano-gmbh.de\/wp-content\/uploads\/2018\/07\/Diamanttastspitze-1024x981.jpg 1024w, http:\/\/romano-gmbh.de\/wp-content\/uploads\/2018\/07\/Diamanttastspitze.jpg 1140w\" sizes=\"(max-width: 300px) 100vw, 300px\" \/><\/a><p id=\"caption-attachment-6431\" class=\"wp-caption-text\">Diamant am Messtaster<\/p><\/div>\n","protected":false},"excerpt":{"rendered":"<p>Taktile Messung Die Messtaster haben eine Spitze aus Diamant. Dieser Diamant hat einen Radius von ca. 25\u00b5m und einem Spitzenwinkel von 45\u00b0. Die Auflagekraft zum Abtasten der zu pr\u00fcfenden Oberfl\u00e4che ist f\u00fcr uns nicht messbar. Die Auflagekraft stellen wir mit &hellip; <a href=\"http:\/\/romano-gmbh.de\/?page_id=6378\">Weiterlesen <span class=\"meta-nav\">&rarr;<\/span><\/a><\/p>\n","protected":false},"author":2,"featured_media":0,"parent":0,"menu_order":0,"comment_status":"closed","ping_status":"closed","template":"","meta":[],"_links":{"self":[{"href":"http:\/\/romano-gmbh.de\/index.php?rest_route=\/wp\/v2\/pages\/6378"}],"collection":[{"href":"http:\/\/romano-gmbh.de\/index.php?rest_route=\/wp\/v2\/pages"}],"about":[{"href":"http:\/\/romano-gmbh.de\/index.php?rest_route=\/wp\/v2\/types\/page"}],"author":[{"embeddable":true,"href":"http:\/\/romano-gmbh.de\/index.php?rest_route=\/wp\/v2\/users\/2"}],"replies":[{"embeddable":true,"href":"http:\/\/romano-gmbh.de\/index.php?rest_route=%2Fwp%2Fv2%2Fcomments&post=6378"}],"version-history":[{"count":15,"href":"http:\/\/romano-gmbh.de\/index.php?rest_route=\/wp\/v2\/pages\/6378\/revisions"}],"predecessor-version":[{"id":6471,"href":"http:\/\/romano-gmbh.de\/index.php?rest_route=\/wp\/v2\/pages\/6378\/revisions\/6471"}],"wp:attachment":[{"href":"http:\/\/romano-gmbh.de\/index.php?rest_route=%2Fwp%2Fv2%2Fmedia&parent=6378"}],"curies":[{"name":"wp","href":"https:\/\/api.w.org\/{rel}","templated":true}]}}