{"id":65,"date":"2014-07-25T08:42:11","date_gmt":"2014-07-25T08:42:11","guid":{"rendered":"http:\/\/romano-gmbh.de\/?page_id=65"},"modified":"2015-06-18T09:58:25","modified_gmt":"2015-06-18T09:58:25","slug":"winkelmessung","status":"publish","type":"page","link":"http:\/\/romano-gmbh.de\/?page_id=65","title":{"rendered":"Winkel"},"content":{"rendered":"<p>Die Auswertungssoftware kann verschiedene Winkel berechnen.<br \/>\nDazu z\u00e4hlen der <a href=\"http:\/\/de.wikipedia.org\/wiki\/Spanwinkel\">Spanwinkel<\/a>, der <a href=\"http:\/\/de.wikipedia.org\/wiki\/Keilwinkel\">Keilwinkel<\/a>\u00a0und der <a href=\"http:\/\/de.wikipedia.org\/wiki\/Freiwinkel\">Freiwinkel<\/a>.<br \/>\nZur Berechnung der einzelnen Winkel wird f\u00fcr jede Seite der Messung eine Ausgleichsgerade berechnet. Durch den Einsatz der Auswerteh\u00f6he, kann man zus\u00e4tzlich angeben, ab welcher H\u00f6he in der Messung\u00a0die Ausgleichsgeraden berechnet werden.<\/p>\n<p>Die Winkel werden in der Auswertung in Grad (\u00b0) und Minuten angegeben (&#8218;).<\/p>\n<p>F\u00fcr die folgenden Messungen wurde eine 90\u00b0 Platte genutzt, wobei der Winkel durch das Beilegen von geschliffenen Winkelst\u00fccken ge\u00e4ndert wurde:<\/p>\n<div id='gallery-1' class='gallery galleryid-65 gallery-columns-4 gallery-size-thumbnail'><dl class='gallery-item'>\n\t\t\t<dt class='gallery-icon landscape'>\n\t\t\t\t<a href='http:\/\/romano-gmbh.de\/wp-content\/uploads\/2015\/06\/Winkelmessung-0-Grad.jpg'><img width=\"150\" height=\"150\" src=\"http:\/\/romano-gmbh.de\/wp-content\/uploads\/2015\/06\/Winkelmessung-0-Grad-150x150.jpg\" class=\"attachment-thumbnail size-thumbnail\" alt=\"\" loading=\"lazy\" aria-describedby=\"gallery-1-455\" \/><\/a>\n\t\t\t<\/dt>\n\t\t\t\t<dd class='wp-caption-text gallery-caption' id='gallery-1-455'>\n\t\t\t\t0 Grad\n\t\t\t\t<\/dd><\/dl><dl class='gallery-item'>\n\t\t\t<dt class='gallery-icon landscape'>\n\t\t\t\t<a href='http:\/\/romano-gmbh.de\/wp-content\/uploads\/2015\/06\/Winkelmessung-2-Grad.jpg'><img width=\"150\" height=\"150\" src=\"http:\/\/romano-gmbh.de\/wp-content\/uploads\/2015\/06\/Winkelmessung-2-Grad-150x150.jpg\" class=\"attachment-thumbnail size-thumbnail\" alt=\"\" loading=\"lazy\" aria-describedby=\"gallery-1-456\" \/><\/a>\n\t\t\t<\/dt>\n\t\t\t\t<dd class='wp-caption-text gallery-caption' id='gallery-1-456'>\n\t\t\t\t2 Grad\n\t\t\t\t<\/dd><\/dl><dl class='gallery-item'>\n\t\t\t<dt class='gallery-icon landscape'>\n\t\t\t\t<a href='http:\/\/romano-gmbh.de\/wp-content\/uploads\/2015\/06\/Winkelmessung-4-Grad.jpg'><img width=\"150\" height=\"150\" src=\"http:\/\/romano-gmbh.de\/wp-content\/uploads\/2015\/06\/Winkelmessung-4-Grad-150x150.jpg\" class=\"attachment-thumbnail size-thumbnail\" alt=\"\" loading=\"lazy\" aria-describedby=\"gallery-1-457\" \/><\/a>\n\t\t\t<\/dt>\n\t\t\t\t<dd class='wp-caption-text gallery-caption' id='gallery-1-457'>\n\t\t\t\t4 Grad\n\t\t\t\t<\/dd><\/dl><dl class='gallery-item'>\n\t\t\t<dt class='gallery-icon landscape'>\n\t\t\t\t<a href='http:\/\/romano-gmbh.de\/wp-content\/uploads\/2015\/06\/Winkelmessung-8-Grad.jpg'><img width=\"150\" height=\"150\" src=\"http:\/\/romano-gmbh.de\/wp-content\/uploads\/2015\/06\/Winkelmessung-8-Grad-150x150.jpg\" class=\"attachment-thumbnail size-thumbnail\" alt=\"\" loading=\"lazy\" aria-describedby=\"gallery-1-458\" \/><\/a>\n\t\t\t<\/dt>\n\t\t\t\t<dd class='wp-caption-text gallery-caption' id='gallery-1-458'>\n\t\t\t\t8 Grad\n\t\t\t\t<\/dd><\/dl><br style=\"clear: both\" \/>\n\t\t<\/div>\n\n<div id='gallery-2' class='gallery galleryid-65 gallery-columns-2 gallery-size-thumbnail'><dl class='gallery-item'>\n\t\t\t<dt class='gallery-icon portrait'>\n\t\t\t\t<a href='http:\/\/romano-gmbh.de\/wp-content\/uploads\/2015\/06\/Radius-3.jpg'><img width=\"150\" height=\"150\" src=\"http:\/\/romano-gmbh.de\/wp-content\/uploads\/2015\/06\/Radius-3-150x150.jpg\" class=\"attachment-thumbnail size-thumbnail\" alt=\"\" loading=\"lazy\" \/><\/a>\n\t\t\t<\/dt><\/dl><dl class='gallery-item'>\n\t\t\t<dt class='gallery-icon landscape'>\n\t\t\t\t<a href='http:\/\/romano-gmbh.de\/wp-content\/uploads\/2015\/06\/Radius-3-seitlich-mit-Markierung.jpg'><img width=\"150\" height=\"150\" src=\"http:\/\/romano-gmbh.de\/wp-content\/uploads\/2015\/06\/Radius-3-seitlich-mit-Markierung-150x150.jpg\" class=\"attachment-thumbnail size-thumbnail\" alt=\"\" loading=\"lazy\" \/><\/a>\n\t\t\t<\/dt><\/dl><br style=\"clear: both\" \/>\n\t\t<\/div>\n\n","protected":false},"excerpt":{"rendered":"<p>Die Auswertungssoftware kann verschiedene Winkel berechnen. Dazu z\u00e4hlen der Spanwinkel, der Keilwinkel\u00a0und der Freiwinkel. Zur Berechnung der einzelnen Winkel wird f\u00fcr jede Seite der Messung eine Ausgleichsgerade berechnet. Durch den Einsatz der Auswerteh\u00f6he, kann man zus\u00e4tzlich angeben, ab welcher H\u00f6he &hellip; <a href=\"http:\/\/romano-gmbh.de\/?page_id=65\">Weiterlesen <span class=\"meta-nav\">&rarr;<\/span><\/a><\/p>\n","protected":false},"author":2,"featured_media":0,"parent":39,"menu_order":6,"comment_status":"closed","ping_status":"closed","template":"","meta":[],"_links":{"self":[{"href":"http:\/\/romano-gmbh.de\/index.php?rest_route=\/wp\/v2\/pages\/65"}],"collection":[{"href":"http:\/\/romano-gmbh.de\/index.php?rest_route=\/wp\/v2\/pages"}],"about":[{"href":"http:\/\/romano-gmbh.de\/index.php?rest_route=\/wp\/v2\/types\/page"}],"author":[{"embeddable":true,"href":"http:\/\/romano-gmbh.de\/index.php?rest_route=\/wp\/v2\/users\/2"}],"replies":[{"embeddable":true,"href":"http:\/\/romano-gmbh.de\/index.php?rest_route=%2Fwp%2Fv2%2Fcomments&post=65"}],"version-history":[{"count":13,"href":"http:\/\/romano-gmbh.de\/index.php?rest_route=\/wp\/v2\/pages\/65\/revisions"}],"predecessor-version":[{"id":479,"href":"http:\/\/romano-gmbh.de\/index.php?rest_route=\/wp\/v2\/pages\/65\/revisions\/479"}],"up":[{"embeddable":true,"href":"http:\/\/romano-gmbh.de\/index.php?rest_route=\/wp\/v2\/pages\/39"}],"wp:attachment":[{"href":"http:\/\/romano-gmbh.de\/index.php?rest_route=%2Fwp%2Fv2%2Fmedia&parent=65"}],"curies":[{"name":"wp","href":"https:\/\/api.w.org\/{rel}","templated":true}]}}