{"id":92,"date":"2014-07-25T11:23:04","date_gmt":"2014-07-25T11:23:04","guid":{"rendered":"http:\/\/romano-gmbh.de\/?page_id=92"},"modified":"2018-03-30T08:37:58","modified_gmt":"2018-03-30T08:37:58","slug":"radius-minmax","status":"publish","type":"page","link":"http:\/\/romano-gmbh.de\/?page_id=92","title":{"rendered":"Radius Min\/Max"},"content":{"rendered":"<p>Bei der Radius Min- und Max-Toleranz Pr\u00fcfung wird mit Hilfe der Ausgleichsgeraden<br \/>\ndie Min- und Max-Toleranz nach Vorgabe eingezeichnet.<br \/>\nBei \u00dcberschreitung der Toleranz werden die Me\u00dfwerte au\u00dferhalb der Toleranz<br \/>\nrot eingezeichnet.<\/p>\n<p>&nbsp;<\/p>\n<div id='gallery-1' class='gallery galleryid-92 gallery-columns-3 gallery-size-thumbnail'><dl class='gallery-item'>\n\t\t\t<dt class='gallery-icon portrait'>\n\t\t\t\t<a href='http:\/\/romano-gmbh.de\/wp-content\/uploads\/2015\/06\/Radius-1.jpg'><img width=\"150\" height=\"150\" src=\"http:\/\/romano-gmbh.de\/wp-content\/uploads\/2015\/06\/Radius-1-150x150.jpg\" class=\"attachment-thumbnail size-thumbnail\" alt=\"\" loading=\"lazy\" \/><\/a>\n\t\t\t<\/dt><\/dl><dl class='gallery-item'>\n\t\t\t<dt class='gallery-icon landscape'>\n\t\t\t\t<a href='http:\/\/romano-gmbh.de\/wp-content\/uploads\/2015\/06\/Radius-1-seitlich-mit-Markierung.jpg'><img width=\"150\" height=\"150\" src=\"http:\/\/romano-gmbh.de\/wp-content\/uploads\/2015\/06\/Radius-1-seitlich-mit-Markierung-150x150.jpg\" class=\"attachment-thumbnail size-thumbnail\" alt=\"\" loading=\"lazy\" \/><\/a>\n\t\t\t<\/dt><\/dl><dl class='gallery-item'>\n\t\t\t<dt class='gallery-icon landscape'>\n\t\t\t\t<a href='http:\/\/romano-gmbh.de\/wp-content\/uploads\/2015\/06\/Radius-1-MinMax-Messung.jpg'><img width=\"150\" height=\"150\" src=\"http:\/\/romano-gmbh.de\/wp-content\/uploads\/2015\/06\/Radius-1-MinMax-Messung-150x150.jpg\" class=\"attachment-thumbnail size-thumbnail\" alt=\"\" loading=\"lazy\" aria-describedby=\"gallery-1-258\" \/><\/a>\n\t\t\t<\/dt>\n\t\t\t\t<dd class='wp-caption-text gallery-caption' id='gallery-1-258'>\n\t\t\t\tRadiusmessung mit Min- und Max-Toleranz\n\t\t\t\t<\/dd><\/dl><br style=\"clear: both\" \/>\n\t\t<\/div>\n\n<p>&nbsp;<\/p>\n","protected":false},"excerpt":{"rendered":"<p>Bei der Radius Min- und Max-Toleranz Pr\u00fcfung wird mit Hilfe der Ausgleichsgeraden die Min- und Max-Toleranz nach Vorgabe eingezeichnet. Bei \u00dcberschreitung der Toleranz werden die Me\u00dfwerte au\u00dferhalb der Toleranz rot eingezeichnet. &nbsp; &nbsp;<\/p>\n","protected":false},"author":2,"featured_media":0,"parent":39,"menu_order":2,"comment_status":"closed","ping_status":"closed","template":"","meta":[],"_links":{"self":[{"href":"http:\/\/romano-gmbh.de\/index.php?rest_route=\/wp\/v2\/pages\/92"}],"collection":[{"href":"http:\/\/romano-gmbh.de\/index.php?rest_route=\/wp\/v2\/pages"}],"about":[{"href":"http:\/\/romano-gmbh.de\/index.php?rest_route=\/wp\/v2\/types\/page"}],"author":[{"embeddable":true,"href":"http:\/\/romano-gmbh.de\/index.php?rest_route=\/wp\/v2\/users\/2"}],"replies":[{"embeddable":true,"href":"http:\/\/romano-gmbh.de\/index.php?rest_route=%2Fwp%2Fv2%2Fcomments&post=92"}],"version-history":[{"count":9,"href":"http:\/\/romano-gmbh.de\/index.php?rest_route=\/wp\/v2\/pages\/92\/revisions"}],"predecessor-version":[{"id":502,"href":"http:\/\/romano-gmbh.de\/index.php?rest_route=\/wp\/v2\/pages\/92\/revisions\/502"}],"up":[{"embeddable":true,"href":"http:\/\/romano-gmbh.de\/index.php?rest_route=\/wp\/v2\/pages\/39"}],"wp:attachment":[{"href":"http:\/\/romano-gmbh.de\/index.php?rest_route=%2Fwp%2Fv2%2Fmedia&parent=92"}],"curies":[{"name":"wp","href":"https:\/\/api.w.org\/{rel}","templated":true}]}}