{"id":13,"date":"2014-07-22T07:36:29","date_gmt":"2014-07-22T07:36:29","guid":{"rendered":"http:\/\/romano-gmbh.de\/?page_id=13"},"modified":"2018-07-27T11:27:11","modified_gmt":"2018-07-27T09:27:11","slug":"home","status":"publish","type":"page","link":"https:\/\/romano-gmbh.de\/?page_id=13","title":{"rendered":"\u00dcber uns"},"content":{"rendered":"<p>Die Romano GmbH ist Hersteller von :<br \/>\n1. SPC-Pr\u00fcfvorrichtungen mit h\u00f6chster Genauigkeit und Wiederholbarkeit.<br \/>\n2. Robuste digitale Miniatur-Messtaster, auch f\u00fcr komplizierte Anwendungen.<br \/>\n3. Geber in allen Gr\u00f6ssen f\u00fcr Walzwerke mit den Befestigungen f\u00fcr einfachsten Austausch.<br \/>\n4. Pneumatischen Messger\u00e4ten mit sehr kleinen Luftmessd\u00fcsen (\u00f8 0,4 mm).<br \/>\n5. Kantenverrundungsmessger\u00e4te mit Sondersoftware.<br \/>\n6. Digitalisierung von Werkzeugmaschinen mit Magnescale Mess-Systemen.<\/p>\n<p>Von der Konstruktion bis zur Inbetriebnahme beim Kunden, von uns erhalten Sie eine auf Ihre Messaufgabe zugeschnittene M\u00f6glichkeit zum Pr\u00fcfen. Wir haben uns auf die Fertigung von\u00a0 Sondermaschinen in der Fertigung spezialisiert, die Pr\u00fcfung von Radien an Schneidkanten und die Positionierung von Walzen im Stahlbau.<\/p>\n<p>Wir bieten Ihnen von der einfachen mechanischen Messvorrichtung, pneumatischen Messdornen, optischen Wegmessungen\u00a0oder vollautomatischen Messmaschinen eine Auswahl an verschiedenen Pr\u00fcfeinrichtungen.<\/p>\n<p>&nbsp;<\/p>\n","protected":false},"excerpt":{"rendered":"<p>Die Romano GmbH ist Hersteller von : 1. SPC-Pr\u00fcfvorrichtungen mit h\u00f6chster Genauigkeit und Wiederholbarkeit. 2. Robuste digitale Miniatur-Messtaster, auch f\u00fcr komplizierte Anwendungen. 3. Geber in allen Gr\u00f6ssen f\u00fcr Walzwerke mit den Befestigungen f\u00fcr einfachsten Austausch. 4. Pneumatischen Messger\u00e4ten mit sehr &hellip; <a href=\"https:\/\/romano-gmbh.de\/?page_id=13\">Weiterlesen <span class=\"meta-nav\">&rarr;<\/span><\/a><\/p>\n","protected":false},"author":2,"featured_media":0,"parent":0,"menu_order":7,"comment_status":"closed","ping_status":"closed","template":"","meta":[],"_links":{"self":[{"href":"https:\/\/romano-gmbh.de\/index.php?rest_route=\/wp\/v2\/pages\/13"}],"collection":[{"href":"https:\/\/romano-gmbh.de\/index.php?rest_route=\/wp\/v2\/pages"}],"about":[{"href":"https:\/\/romano-gmbh.de\/index.php?rest_route=\/wp\/v2\/types\/page"}],"author":[{"embeddable":true,"href":"https:\/\/romano-gmbh.de\/index.php?rest_route=\/wp\/v2\/users\/2"}],"replies":[{"embeddable":true,"href":"https:\/\/romano-gmbh.de\/index.php?rest_route=%2Fwp%2Fv2%2Fcomments&post=13"}],"version-history":[{"count":13,"href":"https:\/\/romano-gmbh.de\/index.php?rest_route=\/wp\/v2\/pages\/13\/revisions"}],"predecessor-version":[{"id":6424,"href":"https:\/\/romano-gmbh.de\/index.php?rest_route=\/wp\/v2\/pages\/13\/revisions\/6424"}],"wp:attachment":[{"href":"https:\/\/romano-gmbh.de\/index.php?rest_route=%2Fwp%2Fv2%2Fmedia&parent=13"}],"curies":[{"name":"wp","href":"https:\/\/api.w.org\/{rel}","templated":true}]}}