{"id":327,"date":"2015-06-05T11:34:17","date_gmt":"2015-06-05T11:34:17","guid":{"rendered":"http:\/\/romano-gmbh.de\/?page_id=327"},"modified":"2015-06-16T06:29:26","modified_gmt":"2015-06-16T06:29:26","slug":"lwl-module","status":"publish","type":"page","link":"https:\/\/romano-gmbh.de\/?page_id=327","title":{"rendered":"LWL Module"},"content":{"rendered":"<h2><strong>Beschreibung der LWL Module<\/strong><\/h2>\n<p><strong><a href=\"http:\/\/de.wikipedia.org\/wiki\/Lichtwellenleiter\" target=\"_blank\">LWL<\/a> Sender\/Empf\u00e4nger f\u00fcr Anwendungen in Verbindung mit Magnescale Interpolatoren<\/strong><\/p>\n<p>Mit einem Sender- und einem Empf\u00e4ngermodul (LWLS1 und LWLE2) k\u00f6nnen die vier digitale TTL\/RS422-Signale (PCA, PCB oder PCU, PCD, Alarm, Reset) eines Magnescale Interpolators (z. B. MD20 A\/B) potentialfrei \u00fcber gro\u00dfe Entfernungen \u00fcbertragen werden. Die A\/B (PCA, PCB) oder Up\/Down (PCU, PCD) \u00a0Z\u00e4hlimpulse und die Alarm-Signalisierung werden vom Sender in Richtung Empf\u00e4nger \u00fcbertragen, die Quittierung des Alarms (Reset) vom Empf\u00e4nger in Richtung Sender. Die Module lassen sich auf 35mm DIN-Hutschienen montieren. Der optische Anschluss erfolgt \u00fcber ST-Steckverbinder, der elektrische Anschluss \u00fcber D-Sub Steckverbinder oder Klemmleiste. Die Abmessungen eines Moduls betragen: Breite 40mm, L\u00e4nge ohne kontaktierte Steckverbinder 95mm, H\u00f6he bei Montage auf Hutschiene TS35\/7,5 ca. 85mm<\/p>\n<p>Die maximale L\u00e4nge des LWL-Kabels betr\u00e4gt 400 Meter. Es k\u00f6nnen Signale mit einer Impulsdauer von DC bis zu 0,5\u00b5s (0-2MHz) sicher \u00fcbertragen werden.<\/p>\n<h2><strong>Sendermodul LWLS1<\/strong><\/h2>\n<p>Das Sendermodul besteht aus drei LWL-Sendern und einem LWL-Empf\u00e4nger. Die Versorgungsspannung von 5VDC und die TTL\/Signalleitungen k\u00f6nnen direkt \u00fcber ein Adapterkabel vom Detektor kommen, oder \u00fcber Schraubklemmen zugef\u00fchrt werden. Die mittlere Stromaufnahme betr\u00e4gt ca. 250mA.<\/p>\n<p>F\u00fcr den Einsatz in Verbindung mit dem Magnescale Interpolator MD20 A\/B ist eine 9pol D-Sub Buchse verbaut, die \u00fcber ein separat erh\u00e4ltliches Adapterkabel mit dem Ausgangs-Steckverbinder (MR-20 RMAG) des MD20 A\/B verbunden wird.<\/p>\n<div id='gallery-1' class='gallery galleryid-327 gallery-columns-6 gallery-size-thumbnail'><dl class='gallery-item'>\n\t\t\t<dt class='gallery-icon landscape'>\n\t\t\t\t<a href='https:\/\/romano-gmbh.de\/wp-content\/uploads\/2015\/06\/LWLS1-1.jpg'><img width=\"150\" height=\"150\" src=\"https:\/\/romano-gmbh.de\/wp-content\/uploads\/2015\/06\/LWLS1-1-150x150.jpg\" class=\"attachment-thumbnail size-thumbnail\" alt=\"\" loading=\"lazy\" \/><\/a>\n\t\t\t<\/dt><\/dl><dl class='gallery-item'>\n\t\t\t<dt class='gallery-icon landscape'>\n\t\t\t\t<a href='https:\/\/romano-gmbh.de\/wp-content\/uploads\/2015\/06\/LWLS1-2.jpg'><img width=\"150\" height=\"150\" src=\"https:\/\/romano-gmbh.de\/wp-content\/uploads\/2015\/06\/LWLS1-2-150x150.jpg\" class=\"attachment-thumbnail size-thumbnail\" alt=\"\" loading=\"lazy\" \/><\/a>\n\t\t\t<\/dt><\/dl><dl class='gallery-item'>\n\t\t\t<dt class='gallery-icon landscape'>\n\t\t\t\t<a href='https:\/\/romano-gmbh.de\/wp-content\/uploads\/2015\/06\/LWLS1-3.jpg'><img width=\"150\" height=\"150\" src=\"https:\/\/romano-gmbh.de\/wp-content\/uploads\/2015\/06\/LWLS1-3-150x150.jpg\" class=\"attachment-thumbnail size-thumbnail\" alt=\"\" loading=\"lazy\" \/><\/a>\n\t\t\t<\/dt><\/dl><dl class='gallery-item'>\n\t\t\t<dt class='gallery-icon landscape'>\n\t\t\t\t<a href='https:\/\/romano-gmbh.de\/wp-content\/uploads\/2015\/06\/LWLS1-4.jpg'><img width=\"150\" height=\"150\" src=\"https:\/\/romano-gmbh.de\/wp-content\/uploads\/2015\/06\/LWLS1-4-150x150.jpg\" class=\"attachment-thumbnail size-thumbnail\" alt=\"\" loading=\"lazy\" \/><\/a>\n\t\t\t<\/dt><\/dl><dl class='gallery-item'>\n\t\t\t<dt class='gallery-icon landscape'>\n\t\t\t\t<a href='https:\/\/romano-gmbh.de\/wp-content\/uploads\/2015\/06\/LWLS1-5.jpg'><img width=\"150\" height=\"150\" src=\"https:\/\/romano-gmbh.de\/wp-content\/uploads\/2015\/06\/LWLS1-5-150x150.jpg\" class=\"attachment-thumbnail size-thumbnail\" alt=\"\" loading=\"lazy\" \/><\/a>\n\t\t\t<\/dt><\/dl><dl class='gallery-item'>\n\t\t\t<dt class='gallery-icon landscape'>\n\t\t\t\t<a href='https:\/\/romano-gmbh.de\/wp-content\/uploads\/2015\/06\/LWLS1-6.jpg'><img width=\"150\" height=\"150\" src=\"https:\/\/romano-gmbh.de\/wp-content\/uploads\/2015\/06\/LWLS1-6-150x150.jpg\" class=\"attachment-thumbnail size-thumbnail\" alt=\"\" loading=\"lazy\" \/><\/a>\n\t\t\t<\/dt><\/dl><br style=\"clear: both\" \/>\n\t\t<\/div>\n\n<p>&nbsp;<\/p>\n<h2><strong>Empf\u00e4ngermodul LWLE2<\/strong><\/h2>\n<p>Das Empf\u00e4ngermodul besteht aus drei LWL-Empf\u00e4ngern und einem LWL-Sender. Die Versorgungsspannung von 5-24VDC und die Signalleitungen k\u00f6nnen wahlweise \u00fcber einen D-Sub Steckverbinder, oder \u00fcber Schraubklemmen zugef\u00fchrt werden. Die mittlere Stromaufnahme variiert je nach Versorgungsspannung zwischen 50 und 180mA.<\/p>\n<p>F\u00fcr den Adapterkabelanschluss ist ein 9pol D-Sub Stecker verbaut, der \u00fcber das separat erh\u00e4ltliche Adapterkabel mit der kundenseitigen Z\u00e4hlerbaugruppe verbunden wird. Bei den Ausgangssignalen handelt es sich um Spannungsdifferenzsignale (entsprechend RS422).<\/p>\n<div id='gallery-2' class='gallery galleryid-327 gallery-columns-6 gallery-size-thumbnail'><dl class='gallery-item'>\n\t\t\t<dt class='gallery-icon landscape'>\n\t\t\t\t<a href='https:\/\/romano-gmbh.de\/wp-content\/uploads\/2015\/06\/LWLE2-1.jpg'><img width=\"150\" height=\"150\" src=\"https:\/\/romano-gmbh.de\/wp-content\/uploads\/2015\/06\/LWLE2-1-150x150.jpg\" class=\"attachment-thumbnail size-thumbnail\" alt=\"\" loading=\"lazy\" \/><\/a>\n\t\t\t<\/dt><\/dl><dl class='gallery-item'>\n\t\t\t<dt class='gallery-icon landscape'>\n\t\t\t\t<a href='https:\/\/romano-gmbh.de\/wp-content\/uploads\/2015\/06\/LWLE2-2.jpg'><img width=\"150\" height=\"150\" src=\"https:\/\/romano-gmbh.de\/wp-content\/uploads\/2015\/06\/LWLE2-2-150x150.jpg\" class=\"attachment-thumbnail size-thumbnail\" alt=\"\" loading=\"lazy\" \/><\/a>\n\t\t\t<\/dt><\/dl><dl class='gallery-item'>\n\t\t\t<dt class='gallery-icon landscape'>\n\t\t\t\t<a href='https:\/\/romano-gmbh.de\/wp-content\/uploads\/2015\/06\/LWLE2-3.jpg'><img width=\"150\" height=\"150\" src=\"https:\/\/romano-gmbh.de\/wp-content\/uploads\/2015\/06\/LWLE2-3-150x150.jpg\" class=\"attachment-thumbnail size-thumbnail\" alt=\"\" loading=\"lazy\" \/><\/a>\n\t\t\t<\/dt><\/dl><dl class='gallery-item'>\n\t\t\t<dt class='gallery-icon landscape'>\n\t\t\t\t<a href='https:\/\/romano-gmbh.de\/wp-content\/uploads\/2015\/06\/LWLE2-4.jpg'><img width=\"150\" height=\"150\" src=\"https:\/\/romano-gmbh.de\/wp-content\/uploads\/2015\/06\/LWLE2-4-150x150.jpg\" class=\"attachment-thumbnail size-thumbnail\" alt=\"\" loading=\"lazy\" \/><\/a>\n\t\t\t<\/dt><\/dl><dl class='gallery-item'>\n\t\t\t<dt class='gallery-icon landscape'>\n\t\t\t\t<a href='https:\/\/romano-gmbh.de\/wp-content\/uploads\/2015\/06\/LWLE2-5.jpg'><img width=\"150\" height=\"150\" src=\"https:\/\/romano-gmbh.de\/wp-content\/uploads\/2015\/06\/LWLE2-5-150x150.jpg\" class=\"attachment-thumbnail size-thumbnail\" alt=\"\" loading=\"lazy\" \/><\/a>\n\t\t\t<\/dt><\/dl><dl class='gallery-item'>\n\t\t\t<dt class='gallery-icon landscape'>\n\t\t\t\t<a href='https:\/\/romano-gmbh.de\/wp-content\/uploads\/2015\/06\/LWLE2-6.jpg'><img width=\"150\" height=\"150\" src=\"https:\/\/romano-gmbh.de\/wp-content\/uploads\/2015\/06\/LWLE2-6-150x150.jpg\" class=\"attachment-thumbnail size-thumbnail\" alt=\"\" loading=\"lazy\" \/><\/a>\n\t\t\t<\/dt><\/dl><br style=\"clear: both\" \/>\n\t\t<\/div>\n\n<p>&nbsp;<\/p>\n<h2><strong>LWL-Leitung<\/strong><\/h2>\n<p>Das LWL-Kabel wird passend f\u00fcr den Anwendungsfall konfektioniert und beinhaltet ein 50\/125\u00b5m Multimode Au\u00dfenkabel mit hohem mechanischem Schutz und ST-Steckverbindern. Es befinden sich 3 x 4 Lichtleiter in jedem Kabel, wovon aber nur 2 x 4 Fasern f\u00fcr je 2 Interpolatoren (Walzwerkanwendung, Wegmessung Anstellungszylinder) genutzt werden.<\/p>\n","protected":false},"excerpt":{"rendered":"<p>Beschreibung der LWL Module LWL Sender\/Empf\u00e4nger f\u00fcr Anwendungen in Verbindung mit Magnescale Interpolatoren Mit einem Sender- und einem Empf\u00e4ngermodul (LWLS1 und LWLE2) k\u00f6nnen die vier digitale TTL\/RS422-Signale (PCA, PCB oder PCU, PCD, Alarm, Reset) eines Magnescale Interpolators (z. B. MD20 &hellip; <a href=\"https:\/\/romano-gmbh.de\/?page_id=327\">Weiterlesen <span class=\"meta-nav\">&rarr;<\/span><\/a><\/p>\n","protected":false},"author":2,"featured_media":0,"parent":86,"menu_order":5,"comment_status":"closed","ping_status":"closed","template":"","meta":[],"_links":{"self":[{"href":"https:\/\/romano-gmbh.de\/index.php?rest_route=\/wp\/v2\/pages\/327"}],"collection":[{"href":"https:\/\/romano-gmbh.de\/index.php?rest_route=\/wp\/v2\/pages"}],"about":[{"href":"https:\/\/romano-gmbh.de\/index.php?rest_route=\/wp\/v2\/types\/page"}],"author":[{"embeddable":true,"href":"https:\/\/romano-gmbh.de\/index.php?rest_route=\/wp\/v2\/users\/2"}],"replies":[{"embeddable":true,"href":"https:\/\/romano-gmbh.de\/index.php?rest_route=%2Fwp%2Fv2%2Fcomments&post=327"}],"version-history":[{"count":7,"href":"https:\/\/romano-gmbh.de\/index.php?rest_route=\/wp\/v2\/pages\/327\/revisions"}],"predecessor-version":[{"id":448,"href":"https:\/\/romano-gmbh.de\/index.php?rest_route=\/wp\/v2\/pages\/327\/revisions\/448"}],"up":[{"embeddable":true,"href":"https:\/\/romano-gmbh.de\/index.php?rest_route=\/wp\/v2\/pages\/86"}],"wp:attachment":[{"href":"https:\/\/romano-gmbh.de\/index.php?rest_route=%2Fwp%2Fv2%2Fmedia&parent=327"}],"curies":[{"name":"wp","href":"https:\/\/api.w.org\/{rel}","templated":true}]}}