{"id":39,"date":"2014-07-22T10:48:22","date_gmt":"2014-07-22T10:48:22","guid":{"rendered":"http:\/\/romano-gmbh.de\/?page_id=39"},"modified":"2020-08-25T09:03:14","modified_gmt":"2020-08-25T07:03:14","slug":"erme","status":"publish","type":"page","link":"https:\/\/romano-gmbh.de\/?page_id=39","title":{"rendered":"Kantenverrundung Messen"},"content":{"rendered":"<p><strong>Unsere taktile Messmethode mit Diamantspitze im Vergleich zu optischen<br \/>\nSystemen und Konturenme\u00dfger\u00e4ten mit Hartmetall Tastspitzen.<br \/>\n<\/strong><\/p>\n<p>Wir haben viele Versuche durchgef\u00fchrt mit optischen Methoden die Kantenverrundungen<br \/>\nzu Pr\u00fcfen.<br \/>\nBisher haben wir kein optisches Me\u00dfsystem gefunden, welches unseren Anforderungen<br \/>\nund den Anforderungen von unseren Kunden entspricht.<\/p>\n<p>Vergleichspr\u00fcfungen an Wendeschneidplatten mit optischen Me\u00dfger\u00e4ten und unseren<br \/>\ntaktilen Me\u00dfger\u00e4ten sind <span style=\"color: #ff0000;\">nicht immer<\/span> vergleichbar.<br \/>\nDie optischen Me\u00dfger\u00e4te geben als Ergebnis nach unserer Erfahrung <span style=\"color: #ff0000;\">immer<\/span> sehr gute<br \/>\nVerrunden aus, obwohl die Verrundungen gravierend schlecDiamantspitzeht oder auch gut gefertigt worden sind.<\/p>\n<p>Auch die Konturen-Me\u00dfger\u00e4te mit den Hartmetallspitzen sind f\u00fcr die hohen Anforder-<br \/>\nungen f\u00fcr Pr\u00fcfungen an Wendeschneidplatten nicht geeignet.\u00a0 Schon nach wenigen<br \/>\nPr\u00fcfungen zeigen die Tast-Radien der Hartmetallspitze Verschlei\u00df.<\/p>\n<p>Wir k\u00f6nnen mit der Diamantspitze taktile Pr\u00fcfungen an Radien, an kleinen Winkeln und<br \/>\nan sonstigen Profilen mit Tastschritten bis 0,1 \u00b5m durchf\u00fchren und wiederholbar<br \/>\npr\u00fcfen. Wir denken, da\u00df wir zur Zeit ein taltiles Pr\u00fcfger\u00e4t anbieten k\u00f6nnen, welches<br \/>\nf\u00fcr Pr\u00fcfungen in der Produktion zum Pr\u00fcfen von Kantenverrundungen am besten<br \/>\ngeeignet ist.<\/p>\n<p>Durch die hohe Aufl\u00f6sung\u00a0 bis zu 0,1 \u00b5m sind auch Rauheitspr\u00fcfungen m\u00f6glich.<br \/>\nUnsere\u00a0 Pr\u00fcfergebnisse f\u00fcr Rauheit haben wir mit der PTB Braunschweig abgeglichen.<\/p>\n<p><span style=\"color: #ff0000;\">Die taktile Messung bietet dem Anwender viele\u00a0 Vorteile :<\/span><br \/>\n1. \u00a0 Zweifelsfeie und verl\u00e4ssliche Pr\u00fcfungen an Wendeschneidplatten.<br \/>\n2. \u00a0 Geringer Zeitaufwand zum Einrichten und Pr\u00fcfen der Wendeschneidplatten.<br \/>\n3. \u00a0 Komplizierte Einstellarbeiten und Einrichtarbeiten entfallen.<br \/>\n4. \u00a0 Es ist kein Fachpersonal erforderlich f\u00fcr verl\u00e4ssliche Pr\u00fcfungen. Die Unterweisung<br \/>\nf\u00fcr Pr\u00fcfungen ist auch f\u00fcr ungelerntes Personal in wenigen Minuten m\u00f6glich.<br \/>\n<span style=\"background-color: #ffffff;\">5<span style=\"display: inline !important; float: none; background-color: #ffffff; color: #444444; cursor: text; font-family: Georgia,'Bitstream Charter',serif; font-size: 16px; font-style: normal; font-variant: normal; font-weight: 400; letter-spacing: normal; line-height: 1.5; orphans: 2; text-align: left; text-decoration: none; text-indent: 0px; text-transform: none; -webkit-text-stroke-width: 0px; white-space: normal; word-spacing: 0px;\">. \u00a0 Das Pr\u00fcfger\u00e4t ist weitgehenst abgedichtet gegen Verschmutzung, so dass ein Einsatz<br \/>\n<\/span><\/span><span style=\"display: inline !important; float: none; background-color: #ffffff; color: #444444; cursor: text; font-family: Georgia,'Bitstream Charter',serif; font-size: 16px; font-style: normal; font-variant: normal; font-weight: 400; letter-spacing: normal; line-height: 1.5; orphans: 2; text-align: left; text-decoration: none; text-indent: 0px; text-transform: none; -webkit-text-stroke-width: 0px; white-space: normal; word-spacing: 0px;\">\u00a0 \u00a0 \u00a0 in der Produktion m\u00f6glich ist.<\/span><br \/>\n<span style=\"display: inline !important; float: none; background-color: #ffffff; color: #444444; cursor: text; font-family: Georgia,'Bitstream Charter',serif; font-size: 16px; font-style: normal; font-variant: normal; font-weight: 400; letter-spacing: normal; line-height: 1.5; orphans: 2; text-align: left; text-decoration: none; text-indent: 0px; text-transform: none; -webkit-text-stroke-width: 0px; white-space: normal; word-spacing: 0px;\">4. Alle gew\u00fcnschten Pr\u00fcfergebnisse werden per Programm hinterlegt.<\/span><br \/>\n6. Alle Messwerte werden automatisch gespeichert. Langzeit-Archivierung ist Standard.<\/p>\n<p><strong>Taktile Messung<br \/>\n<\/strong>Die Messtaster haben eine Spitze aus Diamant. Dieser Diamant hat einen Radius von ca.<br \/>\n25\u00b5m und einem Spitzenwinkel von 45\u00b0. Die Auflagekraft zum Abtasten der zu pr\u00fcfenden<br \/>\nOberfl\u00e4che ist f\u00fcr uns nicht messbar.<br \/>\nDie Auflagekraft stellen wir mit Hilfe eines Winkels ein.<br \/>\nWir haben 10 Wendeschneidplatten f\u00fcr Testzwecke jeweils 10000 mal an exakt der gleichen Stelle gepr\u00fcft.<br \/>\nDanach war keiner der 10 Wendeschneidplatten Verschlei\u00df zu erkennen.<br \/>\nAuch an der Diamantspitze war nach 10 * 10000 Messungen kein Verschleiss zu<br \/>\nerkennen.<\/p>\n<div id=\"attachment_6385\" style=\"width: 310px\" class=\"wp-caption alignnone\"><a href=\"http:\/\/romano-gmbh.de\/wp-content\/uploads\/2018\/05\/Messtaster.jpg\"><img aria-describedby=\"caption-attachment-6385\" loading=\"lazy\" class=\"size-medium wp-image-6385\" src=\"http:\/\/romano-gmbh.de\/wp-content\/uploads\/2018\/05\/Messtaster-300x83.jpg\" alt=\"\" width=\"300\" height=\"83\" srcset=\"https:\/\/romano-gmbh.de\/wp-content\/uploads\/2018\/05\/Messtaster-300x83.jpg 300w, https:\/\/romano-gmbh.de\/wp-content\/uploads\/2018\/05\/Messtaster-768x212.jpg 768w, https:\/\/romano-gmbh.de\/wp-content\/uploads\/2018\/05\/Messtaster-1024x283.jpg 1024w\" sizes=\"(max-width: 300px) 100vw, 300px\" \/><\/a><p id=\"caption-attachment-6385\" class=\"wp-caption-text\">Messtaster f\u00fcr das ERME-Ger\u00e4t<\/p><\/div>\n<div id=\"attachment_6431\" style=\"width: 298px\" class=\"wp-caption alignnone\"><a href=\"http:\/\/romano-gmbh.de\/wp-content\/uploads\/2018\/07\/Diamanttastspitze.jpg\"><img aria-describedby=\"caption-attachment-6431\" loading=\"lazy\" class=\" wp-image-6431\" src=\"http:\/\/romano-gmbh.de\/wp-content\/uploads\/2018\/07\/Diamanttastspitze-1024x981.jpg\" alt=\"\" width=\"288\" height=\"276\" srcset=\"https:\/\/romano-gmbh.de\/wp-content\/uploads\/2018\/07\/Diamanttastspitze-1024x981.jpg 1024w, https:\/\/romano-gmbh.de\/wp-content\/uploads\/2018\/07\/Diamanttastspitze-300x287.jpg 300w, https:\/\/romano-gmbh.de\/wp-content\/uploads\/2018\/07\/Diamanttastspitze-768x736.jpg 768w, https:\/\/romano-gmbh.de\/wp-content\/uploads\/2018\/07\/Diamanttastspitze.jpg 1140w\" sizes=\"(max-width: 288px) 100vw, 288px\" \/><\/a><p id=\"caption-attachment-6431\" class=\"wp-caption-text\">Diamant am Messtaster<\/p><\/div>\n<h3>Messarten:<\/h3>\n<ul>\n<li><a href=\"http:\/\/romano-gmbh.de\/?page_id=73\">Radiusmessung<\/a><\/li>\n<li><a href=\"http:\/\/romano-gmbh.de\/?page_id=92\">Radiusmessung mit Min- und Max-Toleranzlinien<\/a><\/li>\n<li><a href=\"http:\/\/romano-gmbh.de\/?page_id=80\">Freiform Messung<\/a><\/li>\n<li><a href=\"http:\/\/romano-gmbh.de\/?page_id=236\">Messung mit K-Faktor-Auswertung<\/a><\/li>\n<li><a href=\"http:\/\/romano-gmbh.de\/?page_id=232\">Radiusmessung mit Schutzfase<\/a><\/li>\n<li><a href=\"http:\/\/romano-gmbh.de\/?page_id=65\">Winkelmessung<\/a><\/li>\n<li>Profilmessung mit manueller und automatischer Auswertung<\/li>\n<li><a href=\"http:\/\/romano-gmbh.de\/?page_id=370\">Rauheitsmessung<\/a><\/li>\n<li><a href=\"http:\/\/romano-gmbh.de\/?page_id=442\">Schartigkeitsmessung<\/a><\/li>\n<\/ul>\n<p>Mit dem &#8222;ERME&#8220; (Edge Rounding Measuring Equipment) Messger\u00e4t k\u00f6nnen Sie einfach, schnell\u00a0und effizient, unterschiedliche\u00a0\u00a0<a href=\"http:\/\/de.wikipedia.org\/wiki\/Werkzeugschneide\" target=\"_blank\" rel=\"noopener noreferrer\">Schneidkanten<\/a>\u00a0und Konturen an Wendeschneidplatten, Fr\u00e4sern u.s.w.\u00a0 pr\u00fcfen.<br \/>\nRauheits-Pr\u00fcfungen entsprechend der Auswertung der PTB-Braunschweig sind implementiert.<br \/>\nDie horizontale Erfassung der Messschritte betr\u00e4gt\u00a0 0.1 \u00b5m. Zum Auswerten wird je Messschritt ein vertikaler Wert mit der Aufl\u00f6sung\u00a0 von ca. 0.1 \u00b5m gespeichert.<br \/>\nAuch bei einer Taststrecke von 12 mm L\u00e4nge bleiben die Aufl\u00f6sungen\u00a0unver\u00e4ndert. Berechnungen bei dieser L\u00e4nge werden mit 120 000 St\u00fctzpunkten ausgef\u00fchrt. Bei\u00a0kleinen Radien von zum Beispiel\u00a0\u00a08 \u00b5m berechnen wir die Radien aus 160 Mess-Punkten.<br \/>\nWir denken, dass wir mit diesen extrem hohen Aufl\u00f6sungen unseren Kunden ein Messger\u00e4t liefern k\u00f6nnen, welche die hohen Anforderungen bei Pr\u00fcfungen an Schneidplatten bestens\u00a0erf\u00fcllen kann.<br \/>\nF\u00fcr die Auswertung der ermittelten Messwerte stehen Ihnen mit unserer Software verschiedene Messarten zur Verf\u00fcgung. Wenn Ihnen die bereits vorhandenen M\u00f6glichkeiten der Auswertung nicht ausreichen, erstellen wir Ihnen auch gerne individuelle L\u00f6sungen.<\/p>\n<p>Die Kalibrierung erfolgt mit den von uns entwickelten Kalibrierst\u00fcck &#8222;MCU&#8220; (Multi-Calibration-Unit)\u00a0.<br \/>\nDie Kalibrierung ist sehr einfach, weil wir wie bei einer Kantenverrundungs-Messung<br \/>\nverfahren wird.<br \/>\nDie Systempr\u00fcfung wird wie die Kalibrierung durchgef\u00fchrt, jedoch werden die Radien<br \/>\nund die Winkel in gleicher Weise berechnet wie bei einer Verrundungs-Messung.<br \/>\nDas System ist kalibriert, wenn die 3 unterschiedlichen Radien der Messdr\u00e4hte den Vorgabewerten entsprechen und der Winkel des MCU&#8217;s dem Vorgabewert von 90\u00b0 entspricht. Weiterhin wird die Diamantspitze gepr\u00fcft, ob zum Kalibrierwert eine Ver\u00e4nderung entstanden ist.<\/p>\n<p>Mit dieser Art der Systempr\u00fcfung erreichen wir eine sehr gro\u00dfe Sicherheit, dass die<br \/>\nPr\u00fcfungen an Wendeschneidplatten sehr verl\u00e4sslich sind.<br \/>\nEine\u00a0Kalibrierung oder Systempr\u00fcfung mit nur einem Radius ist nicht ausreichend, da per<br \/>\nSoftware dieser Radius voreingestellt werden k\u00f6nnte. Besser sind jedoch 2 Radien<br \/>\nmit einem Min- und Max-Wert. Wir denken, dass auch ein Min- und\u00a0Max-Wert nicht ausreichend ist. Hier besteht die M\u00f6glichkeit, dass die Mitte\u00a0zwischen dem Min- und Max-Radius nicht linear ist. Aus diesem Grund\u00a0verwenden wir mit dem &#8222;MCU&#8220; Kalibrier- und Pr\u00fcfst\u00fcck\u00a0bei jeder Anwendung\u00a0 3 Messdr\u00e4hte mit 3 unterschiedlichen Radien.<\/p>\n<p>Die Vor- und Nachteile einer taktilen Messung finden Sie <a href=\"http:\/\/romano-gmbh.de\/?page_id=6378\">Hier<\/a>.<\/p>\n<h3 title=\"Rauheitsmessung\">Technische Details:<\/h3>\n<p title=\"Rauheitsmessung\">\n<table id=\"tablepress-2\" class=\"tablepress tablepress-id-2\">\n<tbody class=\"row-hover\">\n<tr class=\"row-1 odd\">\n\t<td class=\"column-1\">Messweg X :<br \/>\n<br \/>\nMessweg Y : <br \/>\nMessweg Z : <br \/>\n<\/td><td class=\"column-2\">38 mm davon motorisch 12 mm<br \/>\n<br \/>\n25 mm<br \/>\n60 mm<\/td>\n<\/tr>\n<tr class=\"row-2 even\">\n\t<td class=\"column-1\">Messh\u00f6he:<\/td><td class=\"column-2\">2.1 mm optional ist eine gr\u00f6\u00dfere H\u00f6he m\u00f6glich<\/td>\n<\/tr>\n<tr class=\"row-3 odd\">\n\t<td class=\"column-1\">Aufl\u00f6sung X :<br \/>\nAufl\u00f6sung Z :<\/td><td class=\"column-2\">0.1 \u00b5m bei Max-Weg 12 mm<br \/>\n0.122 \u00b5m bei Max Weg 2.1 mm<\/td>\n<\/tr>\n<tr class=\"row-4 even\">\n\t<td class=\"column-1\">Betriebssystem:<\/td><td class=\"column-2\">ab Windows 7<\/td>\n<\/tr>\n<tr class=\"row-5 odd\">\n\t<td class=\"column-1\">Software:<\/td><td class=\"column-2\">WinERME 6.0.5<\/td>\n<\/tr>\n<tr class=\"row-6 even\">\n\t<td class=\"column-1\">Anschluss:<\/td><td class=\"column-2\">2x USB2.0<\/td>\n<\/tr>\n<tr class=\"row-7 odd\">\n\t<td class=\"column-1\">Stromversorgung:<\/td><td class=\"column-2\">110 - 230 V  10 W<\/td>\n<\/tr>\n<tr class=\"row-8 even\">\n\t<td class=\"column-1\">Messtaster:<\/td><td class=\"column-2\">Diamantspitze 25\u00b5m Radius<\/td>\n<\/tr>\n<\/tbody>\n<\/table>\n<!-- #tablepress-2 from cache --><\/p>\n<div id=\"attachment_160\" style=\"width: 310px\" class=\"wp-caption alignnone\"><a href=\"http:\/\/romano-gmbh.de\/wp-content\/uploads\/2015\/05\/ERME.jpg\"><img aria-describedby=\"caption-attachment-160\" loading=\"lazy\" class=\"size-medium wp-image-160\" src=\"http:\/\/romano-gmbh.de\/wp-content\/uploads\/2018\/03\/ERME-300x282.jpg\" alt=\"ERME Messger\u00e4t\" width=\"300\" height=\"282\" \/><\/a><p id=\"caption-attachment-160\" class=\"wp-caption-text\">ERME Messger\u00e4t<\/p><\/div>\n","protected":false},"excerpt":{"rendered":"<p>Unsere taktile Messmethode mit Diamantspitze im Vergleich zu optischen Systemen und Konturenme\u00dfger\u00e4ten mit Hartmetall Tastspitzen. Wir haben viele Versuche durchgef\u00fchrt mit optischen Methoden die Kantenverrundungen zu Pr\u00fcfen. Bisher haben wir kein optisches Me\u00dfsystem gefunden, welches unseren Anforderungen und den Anforderungen &hellip; <a href=\"https:\/\/romano-gmbh.de\/?page_id=39\">Weiterlesen <span class=\"meta-nav\">&rarr;<\/span><\/a><\/p>\n","protected":false},"author":2,"featured_media":0,"parent":0,"menu_order":2,"comment_status":"closed","ping_status":"closed","template":"","meta":[],"_links":{"self":[{"href":"https:\/\/romano-gmbh.de\/index.php?rest_route=\/wp\/v2\/pages\/39"}],"collection":[{"href":"https:\/\/romano-gmbh.de\/index.php?rest_route=\/wp\/v2\/pages"}],"about":[{"href":"https:\/\/romano-gmbh.de\/index.php?rest_route=\/wp\/v2\/types\/page"}],"author":[{"embeddable":true,"href":"https:\/\/romano-gmbh.de\/index.php?rest_route=\/wp\/v2\/users\/2"}],"replies":[{"embeddable":true,"href":"https:\/\/romano-gmbh.de\/index.php?rest_route=%2Fwp%2Fv2%2Fcomments&post=39"}],"version-history":[{"count":82,"href":"https:\/\/romano-gmbh.de\/index.php?rest_route=\/wp\/v2\/pages\/39\/revisions"}],"predecessor-version":[{"id":6483,"href":"https:\/\/romano-gmbh.de\/index.php?rest_route=\/wp\/v2\/pages\/39\/revisions\/6483"}],"wp:attachment":[{"href":"https:\/\/romano-gmbh.de\/index.php?rest_route=%2Fwp%2Fv2%2Fmedia&parent=39"}],"curies":[{"name":"wp","href":"https:\/\/api.w.org\/{rel}","templated":true}]}}